{"id":40,"date":"2020-05-19T13:50:07","date_gmt":"2020-05-19T13:50:07","guid":{"rendered":"http:\/\/musi.zgora.pl\/?page_id=40"},"modified":"2020-06-30T06:57:24","modified_gmt":"2020-06-30T06:57:24","slug":"kontakt","status":"publish","type":"page","link":"http:\/\/musi.zgora.pl\/","title":{"rendered":"KONTAKT"},"content":{"rendered":"\n<div class=\"wp-block-image\"><figure class=\"aligncenter size-large is-resized\"><img loading=\"lazy\" decoding=\"async\" src=\"http:\/\/musi.zgora.pl\/wp-content\/uploads\/2020\/05\/musibezt\u0142a.gif\" alt=\"\" class=\"wp-image-118\" width=\"500\" height=\"183\"\/><\/figure><\/div>\n\n\n\n<div class=\"wp-block-columns is-layout-flex wp-container-core-columns-is-layout-1 wp-block-columns-is-layout-flex\">\n<div class=\"wp-block-column is-layout-flow wp-block-column-is-layout-flow\">\n<div id=\"wpgmza_map\" class=\"wpgmza_map\" data-settings='{\"id\":\"1\",\"map_title\":\"MUSI\",\"map_width\":\"100\",\"map_height\":\"400\",\"map_start_lat\":\"51.931062\",\"map_start_lng\":\"15.504718\",\"map_start_location\":\"51.931062,15.504718\",\"map_start_zoom\":\"6\",\"default_marker\":\"0\",\"type\":\"1\",\"alignment\":\"4\",\"directions_enabled\":\"1\",\"styling_enabled\":\"0\",\"styling_json\":\"\",\"active\":\"0\",\"kml\":\"\",\"bicycle\":\"0\",\"traffic\":\"0\",\"dbox\":\"1\",\"dbox_width\":\"100\",\"listmarkers\":\"0\",\"listmarkers_advanced\":\"0\",\"filterbycat\":\"0\",\"ugm_enabled\":\"0\",\"ugm_category_enabled\":\"0\",\"fusion\":\"\",\"map_width_type\":\"\\\\%\",\"map_height_type\":\"px\",\"mass_marker_support\":\"1\",\"ugm_access\":\"0\",\"order_markers_by\":\"1\",\"order_markers_choice\":\"2\",\"show_user_location\":\"0\",\"default_to\":\"\",\"other_settings\":{\"store_locator_enabled\":2,\"store_locator_distance\":2,\"store_locator_default_radius\":10,\"store_locator_not_found_message\":\"No results found in this location. Please try again.\",\"store_locator_bounce\":1,\"store_locator_query_string\":\"ZIP \\\/ Address:\",\"store_locator_default_address\":\"\",\"wpgmza_store_locator_restrict\":\"\",\"wpgmza_store_locator_radius_style\":\"modern\",\"map_max_zoom\":\"1\",\"transport_layer\":0,\"wpgmza_show_points_of_interest\":0,\"wpgmza_auto_night\":0}}' data-map-id='1' Data-maps-engine='open-layers' data-shortcode-attributes='{\"id\":\"1\"}' style=\"display:block; overflow:auto; width:100%; height:400px; float:left;\"><\/div>\n<\/div>\n\n\n\n<div class=\"wp-block-column is-layout-flow wp-block-column-is-layout-flow\">\n<p><span style=\"color: #000000; font-size: large;\">Sekretariat: 68-322-12-00\u00a0\u00a0<\/span><\/p>\n\n\n\n<p><span style=\"color: #000000; font-size: large;\">Adres email:&nbsp;&nbsp;<a href=\"mailto:zarzad@musi.zgora.pl\">zarzad@musi.zgora.pl<\/a><\/span><\/p>\n\n\n\n<p><span style=\"color: #000000; font-size: large;\">Przedsi\u0119biorstwo \u201eMUSI\u201d S.A.<\/span><\/p>\n\n\n\n<p><span style=\"color: #000000; font-size: large;\">ul. Fabryczna 23a<\/span><\/p>\n\n\n\n<p><span style=\"color: #000000; font-size: large;\">65-463 Zielona G\u00f3ra<\/span><\/p>\n\n\n\n<p><span style=\"color: #000000; font-size: large;\">NIP: 929-15-62-947 REGON: 970679590<\/span><\/p>\n<\/div>\n<\/div>\n\n\n\n<p><span style=\"color: #000000; font-size: large;\">ZAPRASZAMY DO KONTAKTU!<\/span> <\/p>\n\n\n\n\n<div class=\"wpcf7 no-js\" id=\"wpcf7-f132-o1\" lang=\"pl-PL\" dir=\"ltr\">\n<div class=\"screen-reader-response\"><p role=\"status\" aria-live=\"polite\" aria-atomic=\"true\"><\/p> <ul><\/ul><\/div>\n<form action=\"\/index.php?rest_route=%2Fwp%2Fv2%2Fpages%2F40#wpcf7-f132-o1\" method=\"post\" class=\"wpcf7-form init\" aria-label=\"Formularz kontaktowy\" novalidate=\"novalidate\" data-status=\"init\">\n<div style=\"display: none;\">\n<input type=\"hidden\" name=\"_wpcf7\" value=\"132\" \/>\n<input type=\"hidden\" name=\"_wpcf7_version\" value=\"5.9.8\" \/>\n<input type=\"hidden\" name=\"_wpcf7_locale\" value=\"pl_PL\" \/>\n<input type=\"hidden\" name=\"_wpcf7_unit_tag\" value=\"wpcf7-f132-o1\" \/>\n<input type=\"hidden\" name=\"_wpcf7_container_post\" value=\"0\" \/>\n<input type=\"hidden\" name=\"_wpcf7_posted_data_hash\" value=\"\" \/>\n<\/div>\n<p><label><span style=\"color: #000000; font-size: medium;\"> Imi\u0119 i nazwisko (wymagane)<br \/>\n<span class=\"wpcf7-form-control-wrap\" data-name=\"your-name\"><input size=\"40\" maxlength=\"400\" class=\"wpcf7-form-control wpcf7-text wpcf7-validates-as-required\" aria-required=\"true\" aria-invalid=\"false\" value=\"\" type=\"text\" name=\"your-name\" \/><\/span> <\/span><\/label>\n<\/p>\n<p><label><span style=\"color: #000000; font-size: medium;\"> Tw\u00f3j email (wymagane)<br \/>\n<span class=\"wpcf7-form-control-wrap\" data-name=\"your-email\"><input size=\"40\" maxlength=\"400\" class=\"wpcf7-form-control wpcf7-email wpcf7-validates-as-required wpcf7-text wpcf7-validates-as-email\" aria-required=\"true\" aria-invalid=\"false\" value=\"\" type=\"email\" name=\"your-email\" \/><\/span> <\/span><\/label>\n<\/p>\n<p><label><span style=\"color: #000000; font-size: medium;\"> Temat<br \/>\n<span class=\"wpcf7-form-control-wrap\" data-name=\"your-subject\"><input size=\"40\" maxlength=\"400\" class=\"wpcf7-form-control wpcf7-text\" aria-invalid=\"false\" value=\"\" type=\"text\" name=\"your-subject\" \/><\/span> <\/span><\/label>\n<\/p>\n<p><label><span style=\"color: #000000; font-size: medium;\"> Tre\u015b\u0107 wiadomo\u015bci<br \/>\n<span class=\"wpcf7-form-control-wrap\" data-name=\"your-message\"><textarea cols=\"40\" rows=\"10\" maxlength=\"2000\" class=\"wpcf7-form-control wpcf7-textarea\" aria-invalid=\"false\" name=\"your-message\"><\/textarea><\/span> <\/span><\/label>\n<\/p>\n<p><span style=\"color: #FFFFFF; font-size: medium;\"><input class=\"wpcf7-form-control wpcf7-submit has-spinner\" type=\"submit\" value=\"Wy\u015blij\" \/><\/span>\n<\/p><div class=\"wpcf7-response-output\" aria-hidden=\"true\"><\/div>\n<\/form>\n<\/div>\n\n\n\n\n<p><\/p>\n","protected":false},"excerpt":{"rendered":"<p>Sekretariat: 68-322-12-00\u00a0\u00a0 Adres email:&nbsp;&nbsp;zarzad@musi.zgora.pl Przedsi\u0119biorstwo \u201eMUSI\u201d S.A. ul. Fabryczna 23a 65-463 Zielona G\u00f3ra NIP: 929-15-62-947 REGON: 970679590 ZAPRASZAMY DO KONTAKTU!<\/p>\n","protected":false},"author":1,"featured_media":0,"parent":0,"menu_order":0,"comment_status":"closed","ping_status":"closed","template":"","meta":{"pagelayer_contact_templates":[],"_pagelayer_content":"","footnotes":""},"class_list":["post-40","page","type-page","status-publish","hentry"],"_links":{"self":[{"href":"http:\/\/musi.zgora.pl\/index.php?rest_route=\/wp\/v2\/pages\/40"}],"collection":[{"href":"http:\/\/musi.zgora.pl\/index.php?rest_route=\/wp\/v2\/pages"}],"about":[{"href":"http:\/\/musi.zgora.pl\/index.php?rest_route=\/wp\/v2\/types\/page"}],"author":[{"embeddable":true,"href":"http:\/\/musi.zgora.pl\/index.php?rest_route=\/wp\/v2\/users\/1"}],"replies":[{"embeddable":true,"href":"http:\/\/musi.zgora.pl\/index.php?rest_route=%2Fwp%2Fv2%2Fcomments&post=40"}],"version-history":[{"count":10,"href":"http:\/\/musi.zgora.pl\/index.php?rest_route=\/wp\/v2\/pages\/40\/revisions"}],"predecessor-version":[{"id":175,"href":"http:\/\/musi.zgora.pl\/index.php?rest_route=\/wp\/v2\/pages\/40\/revisions\/175"}],"wp:attachment":[{"href":"http:\/\/musi.zgora.pl\/index.php?rest_route=%2Fwp%2Fv2%2Fmedia&parent=40"}],"curies":[{"name":"wp","href":"https:\/\/api.w.org\/{rel}","templated":true}]}}