{"id":28,"date":"2020-05-19T13:29:33","date_gmt":"2020-05-19T13:29:33","guid":{"rendered":"http:\/\/musi.zgora.pl\/?page_id=28"},"modified":"2020-05-28T09:17:36","modified_gmt":"2020-05-28T09:17:36","slug":"uslugi-porzadkowe","status":"publish","type":"page","link":"http:\/\/musi.zgora.pl\/?page_id=28","title":{"rendered":"US\u0141UGI PORZ\u0104DKOWE"},"content":{"rendered":"\n<div class=\"wp-block-columns is-layout-flex wp-container-core-columns-is-layout-1 wp-block-columns-is-layout-flex\">\n<div class=\"wp-block-column is-layout-flow wp-block-column-is-layout-flow\">\n<figure class=\"wp-block-image size-large\"><img loading=\"lazy\" decoding=\"async\" width=\"1024\" height=\"683\" src=\"http:\/\/musi.zgora.pl\/wp-content\/uploads\/2020\/05\/clean2-1024x683.jpg\" alt=\"\" class=\"wp-image-82\" srcset=\"http:\/\/musi.zgora.pl\/wp-content\/uploads\/2020\/05\/clean2-1024x683.jpg 1024w, http:\/\/musi.zgora.pl\/wp-content\/uploads\/2020\/05\/clean2-300x200.jpg 300w, http:\/\/musi.zgora.pl\/wp-content\/uploads\/2020\/05\/clean2-768x512.jpg 768w, http:\/\/musi.zgora.pl\/wp-content\/uploads\/2020\/05\/clean2-1536x1024.jpg 1536w, http:\/\/musi.zgora.pl\/wp-content\/uploads\/2020\/05\/clean2-830x553.jpg 830w, http:\/\/musi.zgora.pl\/wp-content\/uploads\/2020\/05\/clean2-230x153.jpg 230w, http:\/\/musi.zgora.pl\/wp-content\/uploads\/2020\/05\/clean2.jpg 1920w\" sizes=\"(max-width: 1024px) 100vw, 1024px\" \/><\/figure>\n<\/div>\n\n\n\n<div class=\"wp-block-column is-layout-flow wp-block-column-is-layout-flow\">\n<p><span style=\"color: #000000; font-size: medium;\">Od ponad 50 lat proponujemy firmom i instytucjom nowoczesne rozwi\u0105zania w sferze us\u0142ug porz\u0105dkowych oraz&nbsp;utrzymania czysto\u015bci. Nasi Klienci korzystaj\u0105 z naszego wieloletniego do\u015bwiadczenia, wiedzy, nowoczesnego sprz\u0119tu oraz najwy\u017cszej jako\u015bci, ekologicznej chemii, kt\u00f3rej u\u017cywamy. <\/span><\/p>\n\n\n\n<p><span style=\"color: #000000; font-size: medium;\">Dbamy o nasz sta\u0142y, zr\u00f3wnowa\u017cony rozw\u00f3j i nauk\u0119. Inwestujemy w szkolenia pracownik\u00f3w i w nowe technologie. Pracownicy s\u0105 dyskretni, przeszkoleni i staranni, co w po\u0142\u0105czeniu z zastosowaniem nowoczesnych maszyn i \u015brodk\u00f3w daje oczekiwane rezultaty. Oferowane przez nas us\u0142ugi porz\u0105dkowe s\u0105 najwy\u017cszej jako\u015bci. Wyposa\u017canie naszych pracownik\u00f3w w odzie\u017c robocza odbywa si\u0119 w porozumieniu z Klientem z uwzgl\u0119dnieniem jego wymaga\u0144 i preferencji.<\/span><\/p>\n<\/div>\n<\/div>\n\n\n\n<p><span style=\"color: #000000; font-size: medium;\"><strong>NASZYM KLIENTOM ZAPEWNIAMY<\/strong>: Dob\u00f3r odpowiednich \u015brodk\u00f3w czysto\u015bci i technologii dostosowanych do charakteru obiektu oraz materia\u0142\u00f3w, wsparcie procesu sprz\u0105tania rozwi\u0105zaniami technicznymi w postaci odpowiednich nowoczesnych maszyn i urz\u0105dze\u0144, optymalizacja koszt\u00f3w zu\u017cycia materia\u0142\u00f3w higienicznych poprzez doradztwo oraz wsp\u00f3\u0142prac\u0119 z najwi\u0119kszymi producentami, organizacja pracy i nadz\u00f3r nad pracownikami nale\u017ce\u0107 b\u0119dzie do pracownika, kt\u00f3ry b\u0119dzie utrzymywa\u0142 sta\u0142y kontakt z osob\u0105 wyznaczon\u0105 ze strony. Oferta naszej firmy jest bardzo korzystna, zapraszamy do skorzystania z niej.\u00a0<\/span><\/p>\n\n\n\n<p><span style=\"color: #000000; font-size: large;\"><strong>Zapewniamy utrzymanie czysto\u015bci biur, hal, obiekt\u00f3woraz teren\u00f3w wewn\u0119trznych.<\/strong><\/span><\/p>\n\n\n\n<p><span style=\"color: #000000; font-size: medium;\">W ramach us\u0142ugi porz\u0105dkowej dbamy o:<\/span><\/p>\n\n\n\n<p><span style=\"color: #000000; font-size: medium;\">\u2022 <strong>sprz\u0105tanie biur:&nbsp;<\/strong>praca w czystym i zadbanym biurze jest dla pracownik\u00f3w bardzo wa\u017cna. Bardzo cz\u0119sto jest tak, \u017ce dzi\u0119ki temu zwi\u0119ksza si\u0119 efektywno\u015b\u0107 pracownik\u00f3w. Biuro stanowi wizyt\u00f3wk\u0119 firmy, dlatego warto zadba\u0107 o jego utrzymanie czysto\u015bci. Nasza firma oferuje szeroki zakres us\u0142ug sprz\u0105tania biura, poza codziennym m.in. mycie okien czy utrzymanie czysto\u015bci posadzek.<\/span><\/p>\n\n\n\n<p><span style=\"color: #000000; font-size: medium;\">\u2022<strong>sprz\u0105tanie obiekt\u00f3w<\/strong>: od wielu lat oferujemy us\u0142ug\u0119 sprz\u0105tania obiekt\u00f3w. Ofert\u0119 kierujemy g\u0142\u00f3wnie do firm oraz instytucji, kt\u00f3re poszukuj\u0105 profesjonalnej i rzetelnej firmy sprz\u0105taj\u0105cej. Oferujemy r\u00f3wnie\u017c sprz\u0105tanie teren\u00f3w zewn\u0119trznych. Podczas prac sprz\u0105taj\u0105cych u\u017cywamy tylko profesjonalnych \u015brodk\u00f3w chemicznych. Dzi\u0119ki temu, \u017ce posiadamy wysoko wykwalifikowan\u0105 kadr\u0119 pracownik\u00f3w oraz nowoczesny sprz\u0119t, mo\u017cemy zagwarantowa\u0107 naszym klientom najwy\u017cszej jako\u015bci us\u0142ugi sprz\u0105taj\u0105ce.<\/span><\/p>\n\n\n\n<figure class=\"wp-block-image size-medium\"><img loading=\"lazy\" decoding=\"async\" width=\"1024\" height=\"683\" src=\"http:\/\/musi.zgora.pl\/wp-content\/uploads\/2020\/05\/clean-1024x683.jpg\" alt=\"\" class=\"wp-image-81\" srcset=\"http:\/\/musi.zgora.pl\/wp-content\/uploads\/2020\/05\/clean-1024x683.jpg 1024w, http:\/\/musi.zgora.pl\/wp-content\/uploads\/2020\/05\/clean-300x200.jpg 300w, http:\/\/musi.zgora.pl\/wp-content\/uploads\/2020\/05\/clean-768x512.jpg 768w, http:\/\/musi.zgora.pl\/wp-content\/uploads\/2020\/05\/clean-1536x1024.jpg 1536w, http:\/\/musi.zgora.pl\/wp-content\/uploads\/2020\/05\/clean-830x553.jpg 830w, http:\/\/musi.zgora.pl\/wp-content\/uploads\/2020\/05\/clean-230x153.jpg 230w, http:\/\/musi.zgora.pl\/wp-content\/uploads\/2020\/05\/clean.jpg 1920w\" sizes=\"(max-width: 1024px) 100vw, 1024px\" \/><\/figure>\n","protected":false},"excerpt":{"rendered":"<p>Od ponad 50 lat proponujemy firmom i instytucjom nowoczesne rozwi\u0105zania w sferze us\u0142ug porz\u0105dkowych oraz&nbsp;utrzymania czysto\u015bci. Nasi Klienci korzystaj\u0105 z naszego wieloletniego do\u015bwiadczenia, wiedzy, nowoczesnego sprz\u0119tu oraz najwy\u017cszej jako\u015bci, ekologicznej chemii, kt\u00f3rej u\u017cywamy. Dbamy o nasz sta\u0142y, zr\u00f3wnowa\u017cony rozw\u00f3j i nauk\u0119. Inwestujemy w szkolenia pracownik\u00f3w i w nowe technologie. Pracownicy s\u0105 dyskretni, przeszkoleni i staranni, &#8230;.&nbsp;&nbsp;<a class=\" special\" href=\"http:\/\/musi.zgora.pl\/?page_id=28\">Continue Reading<\/a><\/p>\n","protected":false},"author":1,"featured_media":0,"parent":0,"menu_order":0,"comment_status":"closed","ping_status":"closed","template":"","meta":{"pagelayer_contact_templates":[],"_pagelayer_content":"","footnotes":""},"class_list":["post-28","page","type-page","status-publish","hentry"],"_links":{"self":[{"href":"http:\/\/musi.zgora.pl\/index.php?rest_route=\/wp\/v2\/pages\/28"}],"collection":[{"href":"http:\/\/musi.zgora.pl\/index.php?rest_route=\/wp\/v2\/pages"}],"about":[{"href":"http:\/\/musi.zgora.pl\/index.php?rest_route=\/wp\/v2\/types\/page"}],"author":[{"embeddable":true,"href":"http:\/\/musi.zgora.pl\/index.php?rest_route=\/wp\/v2\/users\/1"}],"replies":[{"embeddable":true,"href":"http:\/\/musi.zgora.pl\/index.php?rest_route=%2Fwp%2Fv2%2Fcomments&post=28"}],"version-history":[{"count":12,"href":"http:\/\/musi.zgora.pl\/index.php?rest_route=\/wp\/v2\/pages\/28\/revisions"}],"predecessor-version":[{"id":127,"href":"http:\/\/musi.zgora.pl\/index.php?rest_route=\/wp\/v2\/pages\/28\/revisions\/127"}],"wp:attachment":[{"href":"http:\/\/musi.zgora.pl\/index.php?rest_route=%2Fwp%2Fv2%2Fmedia&parent=28"}],"curies":[{"name":"wp","href":"https:\/\/api.w.org\/{rel}","templated":true}]}}