{"id":25,"date":"2020-05-19T13:19:35","date_gmt":"2020-05-19T13:19:35","guid":{"rendered":"http:\/\/musi.zgora.pl\/?page_id=25"},"modified":"2021-03-12T11:31:09","modified_gmt":"2021-03-12T11:31:09","slug":"ochrona-mienia","status":"publish","type":"page","link":"http:\/\/musi.zgora.pl\/?page_id=25","title":{"rendered":"OCHRONA MIENIA"},"content":{"rendered":"\n<div class=\"wp-block-image alignment-center\"><figure class=\"aligncenter size-large is-resized\"><img loading=\"lazy\" decoding=\"async\" src=\"http:\/\/musi.zgora.pl\/wp-content\/uploads\/2020\/05\/security1-1024x683.jpg\" alt=\"\" class=\"wp-image-129\" width=\"512\" height=\"342\" srcset=\"http:\/\/musi.zgora.pl\/wp-content\/uploads\/2020\/05\/security1-1024x683.jpg 1024w, http:\/\/musi.zgora.pl\/wp-content\/uploads\/2020\/05\/security1-300x200.jpg 300w, http:\/\/musi.zgora.pl\/wp-content\/uploads\/2020\/05\/security1-768x512.jpg 768w, http:\/\/musi.zgora.pl\/wp-content\/uploads\/2020\/05\/security1-1536x1024.jpg 1536w, http:\/\/musi.zgora.pl\/wp-content\/uploads\/2020\/05\/security1-830x553.jpg 830w, http:\/\/musi.zgora.pl\/wp-content\/uploads\/2020\/05\/security1-230x153.jpg 230w, http:\/\/musi.zgora.pl\/wp-content\/uploads\/2020\/05\/security1.jpg 1920w\" sizes=\"(max-width: 512px) 100vw, 512px\" \/><\/figure><\/div>\n\n\n\n<p><span style=\"color: #000000; font-size: medium;\">\u2022 Oferujemy Pa\u0144stwu us\u0142ugi ochrony mienia, ochrony obiekt\u00f3w przez ci\u0105g\u0142\u0105 i aktywn\u0105 obecno\u015b\u0107 naszych stra\u017cnik\u00f3w na terenie chronionego obiektu. <\/span><\/p>\n\n\n\n<p><span style=\"color: #000000; font-size: medium;\">\u2022 Organizacje i prowadzenie us\u0142ugi kompleksowo poprzez zapewnienie w\u0142a\u015bciwej ci\u0105g\u0142o\u015bci s\u0142u\u017cb. W przypadku konieczno\u015bci wymiany pracownika z jakiejkolwiek przyczyny, nast\u0105pi ona natychmiast. <\/span><\/p>\n\n\n\n<p><span style=\"color: #000000; font-size: medium;\">\u2022 Aktywn\u0105 obecno\u015b\u0107 stra\u017cnik\u00f3w (kontrola dost\u0119pu, kontrola ruchu osobowego i towarowego, obchody po wyznaczonych trasach, prewencj\u0119 i kontrol\u0119 plac\u00f3w i parking\u00f3w), <\/span><\/p>\n\n\n\n<p><span style=\"color: #000000; font-size: medium;\">\u2022 Zapewniamy wykonanie oceny bezpiecze\u0144stwa obiektu, oraz wsparcie rozwi\u0105zaniami technicznymi podnosz\u0105cymi skuteczno\u015b\u0107 wykonywanej ochrony obiektu &#8211; Active Guard, nowoczesne \u015brodki \u0142\u0105czno\u015bci, kamer\u0119 na portierni z udost\u0119pnieniem podgl\u0105du dla Klienta, <\/span><\/p>\n\n\n\n<p><span style=\"color: #000000; font-size: medium;\">\u2022 Przestrzeganie obowi\u0105zuj\u0105cych procedur, <\/span><\/p>\n\n\n\n<p><span style=\"color: #000000; font-size: medium;\">\u2022 Wsparcie grupy interwencyjnej zaprzyja\u017anionej firmy,<\/span><\/p>\n\n\n\n<p><span style=\"color: #000000; font-size: medium;\">\u2022 Bezp\u0142atne przygotowanie i wdro\u017cenie procedury badania na zawarto\u015b\u0107 alkoholu, <\/span><\/p>\n\n\n\n<p><span style=\"color: #000000; font-size: medium;\">\u2022 Gospodark\u0119 kluczami<\/span><\/p>\n\n\n\n<p><span style=\"color: #000000; font-size: medium;\">\u2022 W przypadku wyst\u0105pienia konieczno\u015bci posiadania przez pracownik\u00f3w ochrony specjalistycznego przeszkolenia p.po\u017c. oferujemy takie przeszkolenie przez uprawnionego stra\u017caka.<\/span><\/p>\n","protected":false},"excerpt":{"rendered":"<p>\u2022 Oferujemy Pa\u0144stwu us\u0142ugi ochrony mienia, ochrony obiekt\u00f3w przez ci\u0105g\u0142\u0105 i aktywn\u0105 obecno\u015b\u0107 naszych stra\u017cnik\u00f3w na terenie chronionego obiektu. \u2022 Organizacje i prowadzenie us\u0142ugi kompleksowo poprzez zapewnienie w\u0142a\u015bciwej ci\u0105g\u0142o\u015bci s\u0142u\u017cb. W przypadku konieczno\u015bci wymiany pracownika z jakiejkolwiek przyczyny, nast\u0105pi ona natychmiast. \u2022 Aktywn\u0105 obecno\u015b\u0107 stra\u017cnik\u00f3w (kontrola dost\u0119pu, kontrola ruchu osobowego i towarowego, obchody po wyznaczonych &#8230;.&nbsp;&nbsp;<a class=\" special\" href=\"http:\/\/musi.zgora.pl\/?page_id=25\">Continue Reading<\/a><\/p>\n","protected":false},"author":1,"featured_media":0,"parent":0,"menu_order":0,"comment_status":"closed","ping_status":"closed","template":"","meta":{"pagelayer_contact_templates":[],"_pagelayer_content":"","footnotes":""},"class_list":["post-25","page","type-page","status-publish","hentry"],"_links":{"self":[{"href":"http:\/\/musi.zgora.pl\/index.php?rest_route=\/wp\/v2\/pages\/25"}],"collection":[{"href":"http:\/\/musi.zgora.pl\/index.php?rest_route=\/wp\/v2\/pages"}],"about":[{"href":"http:\/\/musi.zgora.pl\/index.php?rest_route=\/wp\/v2\/types\/page"}],"author":[{"embeddable":true,"href":"http:\/\/musi.zgora.pl\/index.php?rest_route=\/wp\/v2\/users\/1"}],"replies":[{"embeddable":true,"href":"http:\/\/musi.zgora.pl\/index.php?rest_route=%2Fwp%2Fv2%2Fcomments&post=25"}],"version-history":[{"count":4,"href":"http:\/\/musi.zgora.pl\/index.php?rest_route=\/wp\/v2\/pages\/25\/revisions"}],"predecessor-version":[{"id":200,"href":"http:\/\/musi.zgora.pl\/index.php?rest_route=\/wp\/v2\/pages\/25\/revisions\/200"}],"wp:attachment":[{"href":"http:\/\/musi.zgora.pl\/index.php?rest_route=%2Fwp%2Fv2%2Fmedia&parent=25"}],"curies":[{"name":"wp","href":"https:\/\/api.w.org\/{rel}","templated":true}]}}