{"id":191,"date":"2021-03-12T11:13:53","date_gmt":"2021-03-12T11:13:53","guid":{"rendered":"http:\/\/musi.zgora.pl\/?page_id=191"},"modified":"2021-03-12T11:15:17","modified_gmt":"2021-03-12T11:15:17","slug":"klauzula-informacyjna-dotyczaca-przetwarzania-danych-osoby-kontaktujacej-sie-za-posrednictwem-poczty-elektronicznej","status":"publish","type":"page","link":"http:\/\/musi.zgora.pl\/?page_id=191","title":{"rendered":"Klauzula informacyjna dotycz\u0105ca przetwarzania danych osoby kontaktuj\u0105cej si\u0119 za po\u015brednictwem poczty elektronicznej"},"content":{"rendered":"\n<p>Zgodnie z art. 13ust. 1 i 2 <em>Rozporz\u0105dzenia Parlamentu Europejskiego i Rady (UE) 2016\/679 z&nbsp;dnia 27 kwietnia 2016&nbsp;r. w sprawie ochrony os\u00f3b fizycznych w zwi\u0105zku z&nbsp;przetwarzaniem danych osobowych i w sprawie swobodnego przep\u0142ywu takich danych oraz uchylenia dyrektywy 95\/46\/WE<\/em>(Og\u00f3lne rozporz\u0105dzenie o&nbsp;ochronie danych), dalej: RODO<em>, <\/em>uprzejmie informuj\u0119 co nast\u0119puje:<\/p>\n\n\n\n<ol class=\"wp-block-list\"><li>Administratorem Pa\u0144stwa danych osobowych jest Przedsi\u0119biorstwo \u201eMUSI\u201d S.A.<\/li><li>Z administratorem mo\u017cna si\u0119 skontaktowa\u0107 pod adresem: ul. Fabryczna 23a, 65-410 Zielona G\u00f3ra lub poprzez e-mail rodo@musi.zgora.pl.<\/li><li>Pa\u0144stwa dane osobowe b\u0119d\u0105 przetwarzanena podstawie art. 6 ust. 1 lit. a i f RODO, w celu przekazania \u017c\u0105danej informacji lub udzielenia odpowiedzi na zadane pytanie.<\/li><li>Odbiorcami Pa\u0144stwa danych osobowych mog\u0105 by\u0107 podmioty upowa\u017cnione do ich pozyskania na podstawie obowi\u0105zuj\u0105cych przepis\u00f3w prawa. Pa\u0144stwa dane osobowe mog\u0105 zosta\u0107 r\u00f3wnie\u017c udost\u0119pnione podmiotom, z kt\u00f3rymi administrator zawar\u0142 umow\u0119 powierzenia przetwarzania danych osobowych.<\/li><li>Administrator nie zamierza przekazywa\u0107 Pa\u0144stwa danych osobowych do pa\u0144stwa trzeciego.<\/li><li>Pa\u0144stwa dane osobowe b\u0119d\u0105 przechowywane do czasu zako\u0144czenia sprawy, do kt\u00f3rej zosta\u0142y zebrane, nast\u0119pnie przez czas niezb\u0119dny do obrony roszcze\u0144, a tak\u017ce przez okres wskazany w obowi\u0105zuj\u0105cych przepisach prawa.<\/li><li>Maj\u0105 Pa\u0144stwo prawo do dost\u0119pu do tre\u015bci swoich danych, \u017c\u0105dania ich sprostowania, usuni\u0119cia oraz ograniczenia przetwarzania, prawo do wniesienia sprzeciwu oraz do cofni\u0119cia zgody w&nbsp;dowolnym momencie, bez wp\u0142ywu na zgodno\u015b\u0107 z prawem przetwarzania, kt\u00f3rego dokonano na podstawie zgody przed jej cofni\u0119ciem. Ka\u017cde z ww. \u017c\u0105da\u0144 zostanie rozpatrzone indywidualnie, zgodnie z przepisami RODO.<\/li><li>W przypadku uznania, \u017ce Pa\u0144stwa dane osobowe przetwarzane s\u0105 niezgodnie z&nbsp;obowi\u0105zuj\u0105cymi przepisami prawa, maj\u0105 Pa\u0144stwo prawo do wniesienia skargi do Urz\u0119du Ochrony Danych Osobowych w Warszawie.<\/li><li>Podanie Pa\u0144stwa danych osobowych jest dobrowolne, jednak w niekt\u00f3rych przypadkach ich niepodanie skutkowa\u0107 mo\u017ce brakiem mo\u017cliwo\u015bci udzielenia rzetelnej odpowiedzi przez Przedsi\u0119biorstwa \u201eMUSI\u201d S.A.<\/li><li>Pa\u0144stwa dane osobowe nie b\u0119d\u0105 przetwarzane w spos\u00f3b zautomatyzowany, ani nie b\u0119d\u0105 podlega\u0107 profilowaniu.<\/li><\/ol>\n","protected":false},"excerpt":{"rendered":"<p>Zgodnie z art. 13ust. 1 i 2 Rozporz\u0105dzenia Parlamentu Europejskiego i Rady (UE) 2016\/679 z&nbsp;dnia 27 kwietnia 2016&nbsp;r. w sprawie ochrony os\u00f3b fizycznych w zwi\u0105zku z&nbsp;przetwarzaniem danych osobowych i w sprawie swobodnego przep\u0142ywu takich danych oraz uchylenia dyrektywy 95\/46\/WE(Og\u00f3lne rozporz\u0105dzenie o&nbsp;ochronie danych), dalej: RODO, uprzejmie informuj\u0119 co nast\u0119puje: Administratorem Pa\u0144stwa danych osobowych jest Przedsi\u0119biorstwo \u201eMUSI\u201d &#8230;.&nbsp;&nbsp;<a class=\" special\" href=\"http:\/\/musi.zgora.pl\/?page_id=191\">Continue Reading<\/a><\/p>\n","protected":false},"author":1,"featured_media":0,"parent":0,"menu_order":0,"comment_status":"closed","ping_status":"closed","template":"","meta":{"pagelayer_contact_templates":[],"_pagelayer_content":"","footnotes":""},"class_list":["post-191","page","type-page","status-publish","hentry"],"_links":{"self":[{"href":"http:\/\/musi.zgora.pl\/index.php?rest_route=\/wp\/v2\/pages\/191"}],"collection":[{"href":"http:\/\/musi.zgora.pl\/index.php?rest_route=\/wp\/v2\/pages"}],"about":[{"href":"http:\/\/musi.zgora.pl\/index.php?rest_route=\/wp\/v2\/types\/page"}],"author":[{"embeddable":true,"href":"http:\/\/musi.zgora.pl\/index.php?rest_route=\/wp\/v2\/users\/1"}],"replies":[{"embeddable":true,"href":"http:\/\/musi.zgora.pl\/index.php?rest_route=%2Fwp%2Fv2%2Fcomments&post=191"}],"version-history":[{"count":4,"href":"http:\/\/musi.zgora.pl\/index.php?rest_route=\/wp\/v2\/pages\/191\/revisions"}],"predecessor-version":[{"id":198,"href":"http:\/\/musi.zgora.pl\/index.php?rest_route=\/wp\/v2\/pages\/191\/revisions\/198"}],"wp:attachment":[{"href":"http:\/\/musi.zgora.pl\/index.php?rest_route=%2Fwp%2Fv2%2Fmedia&parent=191"}],"curies":[{"name":"wp","href":"https:\/\/api.w.org\/{rel}","templated":true}]}}