{"id":13,"date":"2020-05-19T13:11:48","date_gmt":"2020-05-19T13:11:48","guid":{"rendered":"http:\/\/musi.zgora.pl\/?page_id=13"},"modified":"2022-10-19T12:28:22","modified_gmt":"2022-10-19T12:28:22","slug":"o-nas","status":"publish","type":"page","link":"http:\/\/musi.zgora.pl\/?page_id=13","title":{"rendered":"O NAS"},"content":{"rendered":"\n<div class=\"wp-block-image\"><figure class=\"aligncenter size-large is-resized\"><img loading=\"lazy\" decoding=\"async\" src=\"http:\/\/musi.zgora.pl\/wp-content\/uploads\/2020\/05\/musibezt\u0142a.gif\" alt=\"\" class=\"wp-image-118\" width=\"500\" height=\"183\"\/><\/figure><\/div>\n\n\n\n<p><span style=\"color: #000000; font-size: large;\">\u2022 Przedsi\u0119biorstwo MUSI S.A. jest&nbsp;<strong>najstarsz\u0105 i jedn\u0105 z najwi\u0119kszych firm us\u0142ugowych <\/strong>w wojew\u00f3dztwie lubuskim<\/span><\/p>\n\n\n\n<p><span style=\"color: #000000; font-size: large;\">\u2022 Dzia\u0142alno\u015b\u0107 firmy: \n<ul>\n<li style=\"color: #000000; font-size: medium;\"> Ochrona mienia <\/li>\n<li style=\"color: #000000; font-size: medium;\"> Us\u0142ugi porz\u0105dkowe <\/li>\n<li style=\"color: #000000; font-size: medium;\"> Wynajem pomieszcze\u0144 <\/li>\n<\/ul><\/span><\/p>\n\n\n\n<p><\/p>\n","protected":false},"excerpt":{"rendered":"<p>\u2022 Przedsi\u0119biorstwo MUSI S.A. jest&nbsp;najstarsz\u0105 i jedn\u0105 z najwi\u0119kszych firm us\u0142ugowych w wojew\u00f3dztwie lubuskim \u2022 Dzia\u0142alno\u015b\u0107 firmy: Ochrona mienia Us\u0142ugi porz\u0105dkowe Wynajem pomieszcze\u0144<\/p>\n","protected":false},"author":1,"featured_media":0,"parent":0,"menu_order":0,"comment_status":"closed","ping_status":"closed","template":"","meta":{"pagelayer_contact_templates":[],"_pagelayer_content":"","footnotes":""},"class_list":["post-13","page","type-page","status-publish","hentry"],"_links":{"self":[{"href":"http:\/\/musi.zgora.pl\/index.php?rest_route=\/wp\/v2\/pages\/13"}],"collection":[{"href":"http:\/\/musi.zgora.pl\/index.php?rest_route=\/wp\/v2\/pages"}],"about":[{"href":"http:\/\/musi.zgora.pl\/index.php?rest_route=\/wp\/v2\/types\/page"}],"author":[{"embeddable":true,"href":"http:\/\/musi.zgora.pl\/index.php?rest_route=\/wp\/v2\/users\/1"}],"replies":[{"embeddable":true,"href":"http:\/\/musi.zgora.pl\/index.php?rest_route=%2Fwp%2Fv2%2Fcomments&post=13"}],"version-history":[{"count":13,"href":"http:\/\/musi.zgora.pl\/index.php?rest_route=\/wp\/v2\/pages\/13\/revisions"}],"predecessor-version":[{"id":210,"href":"http:\/\/musi.zgora.pl\/index.php?rest_route=\/wp\/v2\/pages\/13\/revisions\/210"}],"wp:attachment":[{"href":"http:\/\/musi.zgora.pl\/index.php?rest_route=%2Fwp%2Fv2%2Fmedia&parent=13"}],"curies":[{"name":"wp","href":"https:\/\/api.w.org\/{rel}","templated":true}]}}